{"id":7,"date":"2026-03-09T16:06:43","date_gmt":"2026-03-09T15:06:43","guid":{"rendered":"https:\/\/www.senseavocats.com\/?page_id=7"},"modified":"2026-03-09T16:06:43","modified_gmt":"2026-03-09T15:06:43","slug":"accueil","status":"publish","type":"page","link":"https:\/\/www.senseavocats.com\/en\/","title":{"rendered":"Accueil"},"content":{"rendered":"<p>[et_pb_section fb_built=\u00a0\u00bb1&Prime; fullwidth=\u00a0\u00bbon\u00a0\u00bb _builder_version=\u00a0\u00bb4.4.6&Prime; max_width_last_edited=\u00a0\u00bboff|desktop\u00a0\u00bb min_height_tablet=\u00a0\u00bb\u00a0\u00bb min_height_phone=\u00a0\u00bb\u00a0\u00bb min_height_last_edited=\u00a0\u00bbon|phone\u00a0\u00bb height_tablet=\u00a0\u00bb\u00a0\u00bb height_phone=\u00a0\u00bb\u00a0\u00bb height_last_edited=\u00a0\u00bbon|phone\u00a0\u00bb max_height_tablet=\u00a0\u00bb\u00a0\u00bb max_height_phone=\u00a0\u00bb100vh\u00a0\u00bb max_height_last_edited=\u00a0\u00bbon|phone\u00a0\u00bb custom_margin_tablet=\u00a0\u00bb\u00a0\u00bb custom_margin_phone=\u00a0\u00bb\u00a0\u00bb custom_margin_last_edited=\u00a0\u00bbon|phone\u00a0\u00bb hover_enabled=\u00a0\u00bb0&Prime;][et_pb_nextend_smart_slider_3_fullwidth _builder_version=\u00a0\u00bb4.4.6&Prime;][\/et_pb_nextend_smart_slider_3_fullwidth][\/et_pb_section][et_pb_section fb_built=\u00a0\u00bb1&Prime; fullwidth=\u00a0\u00bbon\u00a0\u00bb _builder_version=\u00a0\u00bb4.4.6&Prime; hover_enabled=\u00a0\u00bb0&Prime;][et_pb_nextend_smart_slider_3_fullwidth slider=\u00a0\u00bb2&Prime; _builder_version=\u00a0\u00bb4.4.6&Prime;][\/et_pb_nextend_smart_slider_3_fullwidth][\/et_pb_section]*<\/p>\n","protected":false},"excerpt":{"rendered":"<p>[et_pb_section fb_built=\u00a0\u00bb1&Prime; fullwidth=\u00a0\u00bbon\u00a0\u00bb _builder_version=\u00a0\u00bb4.4.6&Prime; max_width_last_edited=\u00a0\u00bboff|desktop\u00a0\u00bb min_height_tablet=\u00a0\u00bb\u00a0\u00bb min_height_phone=\u00a0\u00bb\u00a0\u00bb min_height_last_edited=\u00a0\u00bbon|phone\u00a0\u00bb height_tablet=\u00a0\u00bb\u00a0\u00bb height_phone=\u00a0\u00bb\u00a0\u00bb height_last_edited=\u00a0\u00bbon|phone\u00a0\u00bb max_height_tablet=\u00a0\u00bb\u00a0\u00bb max_height_phone=\u00a0\u00bb100vh\u00a0\u00bb max_height_last_edited=\u00a0\u00bbon|phone\u00a0\u00bb custom_margin_tablet=\u00a0\u00bb\u00a0\u00bb custom_margin_phone=\u00a0\u00bb\u00a0\u00bb custom_margin_last_edited=\u00a0\u00bbon|phone\u00a0\u00bb hover_enabled=\u00a0\u00bb0&Prime;][et_pb_nextend_smart_slider_3_fullwidth _builder_version=\u00a0\u00bb4.4.6&Prime;][\/et_pb_nextend_smart_slider_3_fullwidth][\/et_pb_section][et_pb_section fb_built=\u00a0\u00bb1&Prime; fullwidth=\u00a0\u00bbon\u00a0\u00bb _builder_version=\u00a0\u00bb4.4.6&Prime; hover_enabled=\u00a0\u00bb0&Prime;][et_pb_nextend_smart_slider_3_fullwidth slider=\u00a0\u00bb2&Prime; _builder_version=\u00a0\u00bb4.4.6&Prime;][\/et_pb_nextend_smart_slider_3_fullwidth][\/et_pb_section]*<\/p>\n","protected":false},"author":1,"featured_media":0,"parent":0,"menu_order":0,"comment_status":"closed","ping_status":"closed","template":"","meta":{"_acf_changed":false,"_et_pb_use_builder":"on","_et_pb_old_content":"","_et_gb_content_width":"","footnotes":""},"class_list":["post-7","page","type-page","status-publish","hentry"],"acf":[],"yoast_head":"<!-- This site is optimized with the Yoast SEO plugin v27.1.1 - https:\/\/yoast.com\/product\/yoast-seo-wordpress\/ -->\n<title>Sense Avocats - Cabinet d&#039;avocats \u00e0 Marseille<\/title>\n<meta name=\"robots\" content=\"index, follow, max-snippet:-1, max-image-preview:large, max-video-preview:-1\" \/>\n<link rel=\"canonical\" href=\"https:\/\/brown-frog-255544.hostingersite.com\/en\/\" \/>\n<meta property=\"og:locale\" content=\"en_US\" \/>\n<meta property=\"og:type\" content=\"article\" \/>\n<meta property=\"og:title\" content=\"Sense Avocats - Cabinet d&#039;avocats \u00e0 Marseille\" \/>\n<meta property=\"og:description\" content=\"[et_pb_section fb_built=\u00a0\u00bb1&Prime; fullwidth=\u00a0\u00bbon\u00a0\u00bb _builder_version=\u00a0\u00bb4.4.6&Prime; max_width_last_edited=\u00a0\u00bboff|desktop\u00a0\u00bb min_height_tablet=\u00a0\u00bb\u00a0\u00bb min_height_phone=\u00a0\u00bb\u00a0\u00bb min_height_last_edited=\u00a0\u00bbon|phone\u00a0\u00bb height_tablet=\u00a0\u00bb\u00a0\u00bb height_phone=\u00a0\u00bb\u00a0\u00bb height_last_edited=\u00a0\u00bbon|phone\u00a0\u00bb max_height_tablet=\u00a0\u00bb\u00a0\u00bb max_height_phone=\u00a0\u00bb100vh\u00a0\u00bb max_height_last_edited=\u00a0\u00bbon|phone\u00a0\u00bb custom_margin_tablet=\u00a0\u00bb\u00a0\u00bb custom_margin_phone=\u00a0\u00bb\u00a0\u00bb custom_margin_last_edited=\u00a0\u00bbon|phone\u00a0\u00bb hover_enabled=\u00a0\u00bb0&Prime;][et_pb_nextend_smart_slider_3_fullwidth _builder_version=\u00a0\u00bb4.4.6&Prime;][\/et_pb_nextend_smart_slider_3_fullwidth][\/et_pb_section][et_pb_section fb_built=\u00a0\u00bb1&Prime; fullwidth=\u00a0\u00bbon\u00a0\u00bb _builder_version=\u00a0\u00bb4.4.6&Prime; hover_enabled=\u00a0\u00bb0&Prime;][et_pb_nextend_smart_slider_3_fullwidth slider=\u00a0\u00bb2&Prime; _builder_version=\u00a0\u00bb4.4.6&Prime;][\/et_pb_nextend_smart_slider_3_fullwidth][\/et_pb_section]*\" \/>\n<meta property=\"og:url\" content=\"https:\/\/brown-frog-255544.hostingersite.com\/en\/\" \/>\n<meta property=\"og:site_name\" content=\"Sense Avocats\" \/>\n<meta name=\"twitter:card\" content=\"summary_large_image\" \/>\n<meta name=\"twitter:label1\" content=\"Est. reading time\" \/>\n\t<meta name=\"twitter:data1\" content=\"1 minute\" \/>\n<script type=\"application\/ld+json\" class=\"yoast-schema-graph\">{\"@context\":\"https:\/\/schema.org\",\"@graph\":[{\"@type\":\"WebPage\",\"@id\":\"https:\/\/brown-frog-255544.hostingersite.com\/en\/\",\"url\":\"https:\/\/brown-frog-255544.hostingersite.com\/en\/\",\"name\":\"Sense Avocats - Cabinet d'avocats \u00e0 Marseille\",\"isPartOf\":{\"@id\":\"https:\/\/brown-frog-255544.hostingersite.com\/en\/#website\"},\"datePublished\":\"2026-03-09T15:06:43+00:00\",\"breadcrumb\":{\"@id\":\"https:\/\/brown-frog-255544.hostingersite.com\/en\/#breadcrumb\"},\"inLanguage\":\"en-US\",\"potentialAction\":[{\"@type\":\"ReadAction\",\"target\":[\"https:\/\/brown-frog-255544.hostingersite.com\/en\/\"]}]},{\"@type\":\"BreadcrumbList\",\"@id\":\"https:\/\/brown-frog-255544.hostingersite.com\/en\/#breadcrumb\",\"itemListElement\":[{\"@type\":\"ListItem\",\"position\":1,\"name\":\"Accueil\",\"item\":\"https:\/\/brown-frog-255544.hostingersite.com\/en\/\"},{\"@type\":\"ListItem\",\"position\":2,\"name\":\"Accueil\"}]},{\"@type\":\"WebSite\",\"@id\":\"https:\/\/brown-frog-255544.hostingersite.com\/en\/#website\",\"url\":\"https:\/\/brown-frog-255544.hostingersite.com\/en\/\",\"name\":\"Sense Avocats\",\"description\":\"\u00c0 vos c\u00f4t\u00e9s pour vous conseiller, vous d\u00e9fendre et performer.\",\"potentialAction\":[{\"@type\":\"SearchAction\",\"target\":{\"@type\":\"EntryPoint\",\"urlTemplate\":\"https:\/\/brown-frog-255544.hostingersite.com\/en\/?s={search_term_string}\"},\"query-input\":{\"@type\":\"PropertyValueSpecification\",\"valueRequired\":true,\"valueName\":\"search_term_string\"}}],\"inLanguage\":\"en-US\"}]}<\/script>\n<!-- \/ Yoast SEO plugin. -->","yoast_head_json":{"title":"Sense Avocats - Cabinet d'avocats \u00e0 Marseille","robots":{"index":"index","follow":"follow","max-snippet":"max-snippet:-1","max-image-preview":"max-image-preview:large","max-video-preview":"max-video-preview:-1"},"canonical":"https:\/\/brown-frog-255544.hostingersite.com\/en\/","og_locale":"en_US","og_type":"article","og_title":"Sense Avocats - Cabinet d'avocats \u00e0 Marseille","og_description":"[et_pb_section fb_built=\u00a0\u00bb1&Prime; fullwidth=\u00a0\u00bbon\u00a0\u00bb _builder_version=\u00a0\u00bb4.4.6&Prime; max_width_last_edited=\u00a0\u00bboff|desktop\u00a0\u00bb min_height_tablet=\u00a0\u00bb\u00a0\u00bb min_height_phone=\u00a0\u00bb\u00a0\u00bb min_height_last_edited=\u00a0\u00bbon|phone\u00a0\u00bb height_tablet=\u00a0\u00bb\u00a0\u00bb height_phone=\u00a0\u00bb\u00a0\u00bb height_last_edited=\u00a0\u00bbon|phone\u00a0\u00bb max_height_tablet=\u00a0\u00bb\u00a0\u00bb max_height_phone=\u00a0\u00bb100vh\u00a0\u00bb max_height_last_edited=\u00a0\u00bbon|phone\u00a0\u00bb custom_margin_tablet=\u00a0\u00bb\u00a0\u00bb custom_margin_phone=\u00a0\u00bb\u00a0\u00bb custom_margin_last_edited=\u00a0\u00bbon|phone\u00a0\u00bb hover_enabled=\u00a0\u00bb0&Prime;][et_pb_nextend_smart_slider_3_fullwidth _builder_version=\u00a0\u00bb4.4.6&Prime;][\/et_pb_nextend_smart_slider_3_fullwidth][\/et_pb_section][et_pb_section fb_built=\u00a0\u00bb1&Prime; fullwidth=\u00a0\u00bbon\u00a0\u00bb _builder_version=\u00a0\u00bb4.4.6&Prime; hover_enabled=\u00a0\u00bb0&Prime;][et_pb_nextend_smart_slider_3_fullwidth slider=\u00a0\u00bb2&Prime; _builder_version=\u00a0\u00bb4.4.6&Prime;][\/et_pb_nextend_smart_slider_3_fullwidth][\/et_pb_section]*","og_url":"https:\/\/brown-frog-255544.hostingersite.com\/en\/","og_site_name":"Sense Avocats","twitter_card":"summary_large_image","twitter_misc":{"Est. reading time":"1 minute"},"schema":{"@context":"https:\/\/schema.org","@graph":[{"@type":"WebPage","@id":"https:\/\/brown-frog-255544.hostingersite.com\/en\/","url":"https:\/\/brown-frog-255544.hostingersite.com\/en\/","name":"Sense Avocats - Cabinet d'avocats \u00e0 Marseille","isPartOf":{"@id":"https:\/\/brown-frog-255544.hostingersite.com\/en\/#website"},"datePublished":"2026-03-09T15:06:43+00:00","breadcrumb":{"@id":"https:\/\/brown-frog-255544.hostingersite.com\/en\/#breadcrumb"},"inLanguage":"en-US","potentialAction":[{"@type":"ReadAction","target":["https:\/\/brown-frog-255544.hostingersite.com\/en\/"]}]},{"@type":"BreadcrumbList","@id":"https:\/\/brown-frog-255544.hostingersite.com\/en\/#breadcrumb","itemListElement":[{"@type":"ListItem","position":1,"name":"Accueil","item":"https:\/\/brown-frog-255544.hostingersite.com\/en\/"},{"@type":"ListItem","position":2,"name":"Accueil"}]},{"@type":"WebSite","@id":"https:\/\/brown-frog-255544.hostingersite.com\/en\/#website","url":"https:\/\/brown-frog-255544.hostingersite.com\/en\/","name":"Sense Avocats","description":"\u00c0 vos c\u00f4t\u00e9s pour vous conseiller, vous d\u00e9fendre et performer.","potentialAction":[{"@type":"SearchAction","target":{"@type":"EntryPoint","urlTemplate":"https:\/\/brown-frog-255544.hostingersite.com\/en\/?s={search_term_string}"},"query-input":{"@type":"PropertyValueSpecification","valueRequired":true,"valueName":"search_term_string"}}],"inLanguage":"en-US"}]}},"_hostinger_reach_plugin_has_subscription_block":false,"_hostinger_reach_plugin_is_elementor":false,"_links":{"self":[{"href":"https:\/\/www.senseavocats.com\/en\/wp-json\/wp\/v2\/pages\/7","targetHints":{"allow":["GET"]}}],"collection":[{"href":"https:\/\/www.senseavocats.com\/en\/wp-json\/wp\/v2\/pages"}],"about":[{"href":"https:\/\/www.senseavocats.com\/en\/wp-json\/wp\/v2\/types\/page"}],"author":[{"embeddable":true,"href":"https:\/\/www.senseavocats.com\/en\/wp-json\/wp\/v2\/users\/1"}],"replies":[{"embeddable":true,"href":"https:\/\/www.senseavocats.com\/en\/wp-json\/wp\/v2\/comments?post=7"}],"version-history":[{"count":14,"href":"https:\/\/www.senseavocats.com\/en\/wp-json\/wp\/v2\/pages\/7\/revisions"}],"predecessor-version":[{"id":2875,"href":"https:\/\/www.senseavocats.com\/en\/wp-json\/wp\/v2\/pages\/7\/revisions\/2875"}],"wp:attachment":[{"href":"https:\/\/www.senseavocats.com\/en\/wp-json\/wp\/v2\/media?parent=7"}],"curies":[{"name":"wp","href":"https:\/\/api.w.org\/{rel}","templated":true}]}}